{"id":981,"date":"2015-05-20T13:15:51","date_gmt":"2015-05-20T13:15:51","guid":{"rendered":"https:\/\/www.rifugiovittorioemanuele.com\/?page_id=981"},"modified":"2015-05-22T13:31:21","modified_gmt":"2015-05-22T13:31:21","slug":"utilizzo-dei-cookie-nei-siti-web","status":"publish","type":"page","link":"https:\/\/www.rifugiovittorioemanuele.com\/index.php\/utilizzo-dei-cookie-nei-siti-web\/","title":{"rendered":"Utilizzo dei cookie nei siti Web"},"content":{"rendered":"<p>La presente informativa descrive \u201cche cosa sono i cookie\u201d e i tipi di cookie utilizzati nel nostro sito Web.<\/p>\n<p>&nbsp;<\/p>\n<h2>Che cosa sono i cookie?<\/h2>\n<p>Un cookie \u00e8 un semplice file di testo che viene memorizzato sul computer o dispositivo mobile dell\u2019utente dal server di un sito web e che pu\u00f2 essere letto o recuperato dal server stesso. Esso contiene alcune informazioni e permette al sito web di ricordare, ad esempio, le preferenze dell\u2019utente. La Direttiva sulle Comunicazioni Elettroniche e il Provvedimento del Garante Privacy dell\u20198 maggio 2014, n. 229, in materia di \u201cIndividuazione delle modalit\u00e0 semplificative per l&#8217;informativa e l&#8217;acquisizione del consenso per l&#8217;uso dei cookie\u201d, prevedono che l\u2019utilizzo dei cookie possa essere ammesso solo con il consenso dell\u2019utente.<\/p>\n<p>&nbsp;<\/p>\n<h2>Utilizziamo i cookie nel nostro sito Web?<\/h2>\n<p>S\u00ec. Vengono utilizzati i cookie per migliorare il proprio sito Web e per fornire servizi e funzionalit\u00e0 agli utenti. \u00c8 possibile limitare o disattivare l\u2019utilizzo dei cookie tramite il proprio browser Web. Tuttavia, in questo caso alcune funzionalit\u00e0 del sito Web potrebbero diventare inaccessibili.<\/p>\n<p>&nbsp;<\/p>\n<h2>Perch\u00e9 usiamo i Cookie<\/h2>\n<p>I cookie possono essere impiegati per diversi motivi. In alcune parti del nostro sito i cookie sono essenziali e senza di essi non si potrebbe essere in grado, ad esempio, di navigare correttamente nel sito o sfogliare gli elenchi. Siamo sempre alla ricerca di modi per migliorare il nostro sito internet e per meglio diffondere la conoscenza dei nostri servizi. Per fare ci\u00f2 per noi \u00e8 importante capire come si utilizza il nostro sito. I cookie ci aiutano anche a fornire un&#8217;esperienza migliore e pi\u00f9 ricca: per qualcosa che si rilevi interessante, si potrebbe mettere il &#8220;Mi Piace&#8221; su Facebook, o twittarlo (i cookie facilitano queste operazioni).<\/p>\n<p>&nbsp;<\/p>\n<h2>Quali tipi di cookie sono utilizzati nel nostro sito Web?<\/h2>\n<p>&nbsp;<\/p>\n<h2>Cookie tecnici<\/h2>\n<p>I cookie tecnici sono quelli utilizzati al solo fine di &#8220;effettuare la trasmissione di una comunicazione su una rete di comunicazione elettronica, o nella misura strettamente necessaria al fornitore di un servizio della societ\u00e0 dell&#8217;informazione esplicitamente richiesto dall&#8217;abbonato o dall&#8217;utente a erogare tale servizio&#8221; (cfr. art. 122, comma 1, del Codice Privacy).<\/p>\n<p>Non vengono utilizzati per scopi ulteriori e sono normalmente installati direttamente dal titolare o gestore del sito web. Possono essere suddivisi in:<\/p>\n<p><em><strong>Cookie di navigazione o di sessione<\/strong><\/em><\/p>\n<p>Sono utilizzati al fine di registrare dati utili alla normale navigazione e fruizione del sito web sul computer dell&#8217;utente (permettendo, ad esempio, di ricordare la dimensione preferita della pagina in un elenco). Tali cookie possono essere poi distinti in ragione della loro persistenza sul computer dell\u2019utente: quelli che si cancellano automaticamente alla fine di ogni navigazione, si chiamano cookie di sessione. Se viceversa hanno una vita pi\u00f9 lunga, si parla di cookie permanenti.<\/p>\n<p><em><strong>Cookie funzionali<\/strong><\/em><\/p>\n<p>Questi cookie consentono al sito Web di ricordare le scelte effettuate dall\u2019utente al fine di ottimizzare le funzionalit\u00e0. Ad esempio, i cookie funzionali consentono al sito Web di ricordare le impostazioni specifiche di un utente, come la selezione del paese e, se impostato, lo stato di accesso permanente.<\/p>\n<p>Cookie analitici<\/p>\n<p>Questi cookie consentono di raccogliere dati sull\u2019utilizzo del sito Web da parte dell\u2019utente, compresi gli elementi su cui si fa clic durante la navigazione, al fine di migliorare le prestazioni e il design del sito stesso. Potrebbero essere condivisi con i nostri fornitori di strumenti di analisi terzi. Tuttavia, sono utilizzati esclusivamente per le finalit\u00e0 correlate al nostro sito Web.<\/p>\n<p>&nbsp;<\/p>\n<h2>Cookie di terze parti<\/h2>\n<p>Questi cookie sono legati ai servizi forniti da terze parti, come ad esempio il &#8216;Mi piace&#8217; e il &#8220;Condividi&#8221; e monitorano l&#8217;efficacia della pubblicit\u00e0. Il soggetto terzo fornisce questi servizi in cambio di informazioni in merito alla visita dell\u2019utente al nostro sito. Ne discende, anche per i fornitori terzi di cookie, l\u2019obbligo di rispettare la normativa in materia. Per tale motivo rimandiamo ai link delle pagine web dei siti delle terze parti, nelle quali l\u2019utente potr\u00e0 trovare i moduli di raccolta del consenso ai cookie e le loro relative informative. Qualora i servizi fossero forniti da contatti indiretti con le terze parti, l\u2019utente dovr\u00e0 consultare i siti dei soggetti che fanno da intermediari tra noi e le stesse terze parti.<\/p>\n<p>&nbsp;<\/p>\n<table border=\"1\" align=\"left\">\n<tbody>\n<tr>\n<td title=\"Nome del cookie\" align=\"left\" valign=\"top\"><strong>Nome\u00a0del\u00a0cookie<\/strong><\/td>\n<td title=\"Scopo del cookie\" align=\"left\" valign=\"top\"><strong>Scopo del cookie<\/strong><\/td>\n<\/tr>\n<tr>\n<td title=\"Nome del cookie\">_ga<\/td>\n<td title=\"Scopo del cookie\">Il cookie \u00e8 usato da Google Analytics, un servizio di monitoraggio delle visite offerto da Google. Google Analytics traccia, in modo anonimo, le pagine che visiti e produce dei report che noi usiamo per capire l&#8217;uso e migliorare la qualit\u00e0 del servizio che ti diamo. Ha una durata di due anni.<\/td>\n<\/tr>\n<tr>\n<td title=\"Nome del cookie\" align=\"left\" valign=\"top\">_gat<\/td>\n<td title=\"Scopo del cookie\" align=\"left\" valign=\"top\">Il cookie \u00e8 usato da Google Analytics, un servizio di monitoraggio delle visite offerto da Google. Google Analytics traccia, in modo anonimo, le pagine che visiti e produce dei report che noi usiamo per capire l&#8217;uso e migliorare la qualit\u00e0 del servizio che ti diamo. Ha una durata di un giorno.<\/td>\n<\/tr>\n<tr>\n<td title=\"Nome del cookie\" align=\"left\" valign=\"top\">_utma, _utmb, _utmc, _utmd<\/td>\n<td title=\"Scopo del cookie\" align=\"left\" valign=\"top\">I cookie sono usati da Google Analytics, un servizio di monitoraggio delle visite offerto da Google. Google Analytics traccia, in modo anonimo, le pagine che visiti e produce dei report che noi usiamo per capire l&#8217;uso e migliorare la qualit\u00e0 del servizio che ti diamo. Ha una durata di un giorno.<\/td>\n<\/tr>\n<tr>\n<td title=\"Nome del cookie\" align=\"left\" valign=\"top\">doubleclick.net<\/td>\n<td title=\"Scopo del cookie\" align=\"left\" valign=\"top\">DoubleClick utilizza i cookie per migliorare la pubblicit\u00e0. Alcuni usi comuni dei cookie includono la selezione della pubblicit\u00e0 in base a ci\u00f2 che \u00e8 pertinente per un utente per migliorare i rapporti sul rendimento delle campagne e per impedire che l&#8217;utente visualizzi annunci gi\u00e0 mostrati in passato. DoubleClick invia un cookie al browser quando un utente visita una pagina in cui vengono pubblicati annunci DoubleClick. Le pagine con annunci DoubleClick includono tag di annunci che indicano ai browser di richiedere contenuti degli annunci al server degli annunci di DoubleClick. Quando il server mostra il contenuto degli annunci, invia anche un cookie. Affinch\u00e9 ci\u00f2 avvenga, non \u00e8 necessario che in una pagina vengano mostrati annunci DoubleClick; \u00e8 sufficiente includere tag di annunci DoubleClick che potrebbero invece caricare uno strumento di rilevamento dei clic o un pixel di impressioni. I cookie DoubleClick non contengono informazioni che consentono l&#8217;identificazione personale degli utenti.<\/td>\n<\/tr>\n<\/tbody>\n<\/table>\n<p>&nbsp;<\/p>\n<p>Il presente sito incorpora anche plugin e\/o bottoni per i social network, al fine di consentire una facile condivisione dei contenuti sui vostri social network preferiti. Tali plugin non impostano un cookie, ma se esso \u00e8 gi\u00e0 presente sul computer del visitatore sono in grado di leggerlo ed utilizzarlo secondo le sue impostazioni. La raccolta e l&#8217;uso delle informazioni da parte di tali terzi sono regolati dalle rispettive informative privacy alle quali si prega di fare riferimento.<br \/>\n&#8211;\u00a0<a title=\"Normativa sui dati\" href=\"https:\/\/www.facebook.com\/about\/privacy\/\" target=\"_blank\">Facebook<\/a>\u00a0(<a title=\"Cookie, pixel e tecnologie simili\" href=\"https:\/\/www.facebook.com\/help\/cookies\/\" target=\"_blank\">link informativa cookie<\/a>)<\/p>\n<p>&#8211;\u00a0<a title=\"Informativa sulla Privacy di Twitter\" href=\"https:\/\/twitter.com\/privacy?lang=it\" target=\"_blank\">Twitter<\/a>\u00a0(<a title=\"Uso dei cookie e di altre tecnologie simili da parte di Twitter\" href=\"https:\/\/support.twitter.com\/articles\/20170519-uso-dei-cookie-e-di-altre-tecnologie-simili-da-parte-di-twitter\" target=\"_blank\">link informativa cookie<\/a>)<\/p>\n<p>&#8211;\u00a0<a title=\"La Sua privacy \u00e8 importante per noi\" href=\"https:\/\/www.linkedin.com\/legal\/privacy-policy\" target=\"_blank\">LinkedIn<\/a>\u00a0(<a title=\"I cookie sul sito di LinkedIn\" href=\"https:\/\/www.linkedin.com\/legal\/cookie-policy\" target=\"_blank\">link informativa cookie<\/a>)<\/p>\n<p>&#8211;\u00a0<a title=\"Norme sulla privacy\" href=\"http:\/\/www.google.com\/intl\/it\/policies\/privacy\/\" target=\"_blank\">Google+<\/a>\u00a0(<a title=\"In che modo Google utilizza i cookie\" href=\"http:\/\/www.google.it\/intl\/it\/policies\/technologies\/cookies\/\" target=\"_blank\">link informativa cookie<\/a>).<\/p>\n<p>&#8211;\u00a0<a title=\"Norme sulla privacy\" href=\"https:\/\/about.pinterest.com\/it\/privacy-policy\" target=\"_blank\">Pinterest<\/a>\u00a0(<a title=\"In che modo pinterest utilizza i cookie\" href=\"https:\/\/about.pinterest.com\/it\/privacy-policy\" target=\"_blank\">link informativa cookie<\/a>).<\/p>\n<h2><\/h2>\n<h2>Come si disattivano o si rimuovono i cookie?<\/h2>\n<p>La maggior parte dei browser accettano i cookies automaticamente, ma potete anche scegliere di non accettarli. Non consigliamo questa ultima scelta dal momento che ci\u00f2 potrebbe impedire la normale navigazione e di fruire di tutte le funzionalit\u00e0 del sito. Se non desiderate che il vostro computer riceva e memorizzi cookies, potete modificare le impostazioni di sicurezza del vostro browser (Internet Explorer, Google Chrome, Safari etc.). In ogni caso, si noti che determinate parti del nostro Sito possono essere utilizzate nella loro pienezza solo se il vostro browser accetta i cookies; in caso contrario, non sarete in grado per esempio di accedere all&#8217;area riservata. Di conseguenza, la vostra scelta di rimuovere e non accettare cookies potr\u00e0 influenzare negativamente la vostra permanenza sul nostro sito. Se desiderate modificare le impostazioni dei vostri cookies, entrando nelle impostazioni dei vari browser, riportiamo di seguito brevi istruzioni su come effettuare questa operazione nei browser pi\u00f9 diffusi.<\/p>\n<ul>\n<li><a title=\"Internet Explorer - Attivazione e disattivazione dei cookie\" href=\"http:\/\/windows.microsoft.com\/it-it\/windows7\/block-enable-or-allow-cookies\" target=\"_blank\">Windows Internet Explorer<\/a><\/li>\n<li><a title=\"Google Chrome - Attivazione e disattivazione dei cookie\" href=\"https:\/\/support.google.com\/accounts\/answer\/61416?hl=it\">Google Chrome<\/a><\/li>\n<li><a title=\"Mozilla Firefox - Attivazione e disattivazione dei cookie\" href=\"https:\/\/support.mozilla.org\/it\/kb\/Attivare%20e%20disattivare%20i%20cookie\" target=\"_blank\">Mozilla Firefox<\/a><\/li>\n<li><a title=\"Apple Safari - Attivazione e disattivazione dei cookie\" href=\"https:\/\/support.apple.com\/it-it\/HT201265\" target=\"_blank\">Apple Safari<\/a><\/li>\n<li><a title=\"Opera - Attivazione e disattivazione dei cookie\" href=\"http:\/\/help.opera.com\/Windows\/10.00\/it\/cookies.html\" target=\"_blank\">Opera<\/a><\/li>\n<\/ul>\n<p><\/p>","protected":false},"excerpt":{"rendered":"<p>La presente informativa descrive \u201cche cosa sono i cookie\u201d e i tipi di cookie utilizzati nel nostro sito Web. &nbsp; Che cosa sono i cookie? Un cookie \u00e8 un semplice file di testo che viene memorizzato sul computer o dispositivo mobile dell\u2019utente dal server di un sito web e che pu\u00f2 essere letto o recuperato [&hellip;]<\/p>\n","protected":false},"author":2,"featured_media":0,"parent":0,"menu_order":0,"comment_status":"closed","ping_status":"open","template":"","meta":{"footnotes":""},"_links":{"self":[{"href":"https:\/\/www.rifugiovittorioemanuele.com\/index.php\/wp-json\/wp\/v2\/pages\/981"}],"collection":[{"href":"https:\/\/www.rifugiovittorioemanuele.com\/index.php\/wp-json\/wp\/v2\/pages"}],"about":[{"href":"https:\/\/www.rifugiovittorioemanuele.com\/index.php\/wp-json\/wp\/v2\/types\/page"}],"author":[{"embeddable":true,"href":"https:\/\/www.rifugiovittorioemanuele.com\/index.php\/wp-json\/wp\/v2\/users\/2"}],"replies":[{"embeddable":true,"href":"https:\/\/www.rifugiovittorioemanuele.com\/index.php\/wp-json\/wp\/v2\/comments?post=981"}],"version-history":[{"count":3,"href":"https:\/\/www.rifugiovittorioemanuele.com\/index.php\/wp-json\/wp\/v2\/pages\/981\/revisions"}],"predecessor-version":[{"id":984,"href":"https:\/\/www.rifugiovittorioemanuele.com\/index.php\/wp-json\/wp\/v2\/pages\/981\/revisions\/984"}],"wp:attachment":[{"href":"https:\/\/www.rifugiovittorioemanuele.com\/index.php\/wp-json\/wp\/v2\/media?parent=981"}],"curies":[{"name":"wp","href":"https:\/\/api.w.org\/{rel}","templated":true}]}}